{"id":1263,"date":"2021-04-29T12:54:04","date_gmt":"2021-04-29T12:54:04","guid":{"rendered":"http:\/\/izocentar.co.rs\/?page_id=1263"},"modified":"2021-08-10T21:41:05","modified_gmt":"2021-08-10T21:41:05","slug":"isporuka-i-placanje","status":"publish","type":"page","link":"https:\/\/izocentar.co.rs\/hu\/isporuka-i-placanje\/","title":{"rendered":"Isporuka i pla\u0107anje"},"content":{"rendered":"<div data-elementor-type=\"wp-page\" data-elementor-id=\"1263\" class=\"elementor elementor-1263\">\n\t\t\t\t\t\t\t\t\t<section class=\"elementor-section elementor-top-section elementor-element elementor-element-81ec3b3 elementor-section-height-min-height elementor-section-boxed elementor-section-height-default elementor-section-items-middle\" data-id=\"81ec3b3\" data-element_type=\"section\" data-settings=\"{&quot;background_background&quot;:&quot;classic&quot;}\">\n\t\t\t\t\t\t\t<div class=\"elementor-background-overlay\"><\/div>\n\t\t\t\t\t\t\t<div class=\"elementor-container elementor-column-gap-no\">\n\t\t\t\t\t<div class=\"elementor-column elementor-col-100 elementor-top-column elementor-element elementor-element-0e01f95\" data-id=\"0e01f95\" data-element_type=\"column\">\n\t\t\t<div class=\"elementor-widget-wrap\">\n\t\t\t\t\t\t\t\t\t<\/div>\n\t\t<\/div>\n\t\t\t\t\t\t\t<\/div>\n\t\t<\/section>\n\t\t\t\t<section class=\"elementor-section elementor-top-section elementor-element elementor-element-d16c6c8 elementor-section-boxed elementor-section-height-default elementor-section-height-default\" data-id=\"d16c6c8\" data-element_type=\"section\">\n\t\t\t\t\t\t<div class=\"elementor-container elementor-column-gap-no\">\n\t\t\t\t\t<div class=\"elementor-column elementor-col-100 elementor-top-column elementor-element elementor-element-eee3734\" data-id=\"eee3734\" data-element_type=\"column\">\n\t\t\t<div class=\"elementor-widget-wrap elementor-element-populated\">\n\t\t\t\t\t\t\t\t<div class=\"elementor-element elementor-element-7344849 elementor-widget elementor-widget-heading\" data-id=\"7344849\" data-element_type=\"widget\" data-widget_type=\"heading.default\">\n\t\t\t\t<div class=\"elementor-widget-container\">\n\t\t\t<span class=\"elementor-heading-title elementor-size-default\">Uslovi pla\u0107anja<\/span>\t\t<\/div>\n\t\t\t\t<\/div>\n\t\t\t\t<section class=\"elementor-section elementor-inner-section elementor-element elementor-element-8c632c2 elementor-section-content-middle elementor-section-boxed elementor-section-height-default elementor-section-height-default\" data-id=\"8c632c2\" data-element_type=\"section\">\n\t\t\t\t\t\t<div class=\"elementor-container elementor-column-gap-no\">\n\t\t\t\t\t<div class=\"elementor-column elementor-col-33 elementor-inner-column elementor-element elementor-element-2a3de1a\" data-id=\"2a3de1a\" data-element_type=\"column\">\n\t\t\t<div class=\"elementor-widget-wrap elementor-element-populated\">\n\t\t\t\t\t\t\t\t<div class=\"elementor-element elementor-element-a8ce6a1 elementor-widget elementor-widget-heading\" data-id=\"a8ce6a1\" data-element_type=\"widget\" data-widget_type=\"heading.default\">\n\t\t\t\t<div class=\"elementor-widget-container\">\n\t\t\t<h2 class=\"elementor-heading-title elementor-size-default\">Isporuka i pla\u0107anje<\/h2>\t\t<\/div>\n\t\t\t\t<\/div>\n\t\t\t\t<div class=\"elementor-element elementor-element-c1ef3c8 elementor-widget-divider--view-line elementor-widget elementor-widget-divider\" data-id=\"c1ef3c8\" data-element_type=\"widget\" data-widget_type=\"divider.default\">\n\t\t\t\t<div class=\"elementor-widget-container\">\n\t\t\t\t\t<div class=\"elementor-divider\">\n\t\t\t<span class=\"elementor-divider-separator\">\n\t\t\t\t\t\t<\/span>\n\t\t<\/div>\n\t\t\t\t<\/div>\n\t\t\t\t<\/div>\n\t\t\t\t\t<\/div>\n\t\t<\/div>\n\t\t\t\t<div class=\"elementor-column elementor-col-33 elementor-inner-column elementor-element elementor-element-af22498\" data-id=\"af22498\" data-element_type=\"column\">\n\t\t\t<div class=\"elementor-widget-wrap\">\n\t\t\t\t\t\t\t\t\t<\/div>\n\t\t<\/div>\n\t\t\t\t<div class=\"elementor-column elementor-col-33 elementor-inner-column elementor-element elementor-element-d5f0477\" data-id=\"d5f0477\" data-element_type=\"column\">\n\t\t\t<div class=\"elementor-widget-wrap\">\n\t\t\t\t\t\t\t\t\t<\/div>\n\t\t<\/div>\n\t\t\t\t\t\t\t<\/div>\n\t\t<\/section>\n\t\t\t\t\t<\/div>\n\t\t<\/div>\n\t\t\t\t\t\t\t<\/div>\n\t\t<\/section>\n\t\t\t\t<section class=\"elementor-section elementor-top-section elementor-element elementor-element-4ba9033 elementor-section-boxed elementor-section-height-default elementor-section-height-default\" data-id=\"4ba9033\" data-element_type=\"section\">\n\t\t\t\t\t\t<div class=\"elementor-container elementor-column-gap-default\">\n\t\t\t\t\t<div class=\"elementor-column elementor-col-100 elementor-top-column elementor-element elementor-element-332fc24\" data-id=\"332fc24\" data-element_type=\"column\">\n\t\t\t<div class=\"elementor-widget-wrap elementor-element-populated\">\n\t\t\t\t\t\t\t\t<div class=\"elementor-element elementor-element-dcb61d0 elementor-widget__width-auto elementor-widget-divider--view-line elementor-widget elementor-widget-divider\" data-id=\"dcb61d0\" data-element_type=\"widget\" data-widget_type=\"divider.default\">\n\t\t\t\t<div class=\"elementor-widget-container\">\n\t\t\t\t\t<div class=\"elementor-divider\">\n\t\t\t<span class=\"elementor-divider-separator\">\n\t\t\t\t\t\t<\/span>\n\t\t<\/div>\n\t\t\t\t<\/div>\n\t\t\t\t<\/div>\n\t\t\t\t<div class=\"elementor-element elementor-element-d387f87 elementor-widget__width-auto elementor-widget elementor-widget-heading\" data-id=\"d387f87\" data-element_type=\"widget\" data-widget_type=\"heading.default\">\n\t\t\t\t<div class=\"elementor-widget-container\">\n\t\t\t<h6 class=\"elementor-heading-title elementor-size-default\">Isporuka<\/h6>\t\t<\/div>\n\t\t\t\t<\/div>\n\t\t\t\t<div class=\"elementor-element elementor-element-be8a46d elementor-widget elementor-widget-text-editor\" data-id=\"be8a46d\" data-element_type=\"widget\" data-widget_type=\"text-editor.default\">\n\t\t\t\t<div class=\"elementor-widget-container\">\n\t\t\t\t\t\t\t<p>Dostava robe (bez istovara) je besplatna na teritoriji grada Be\u010deja. Za vi\u0161e informacija o transportu robe na podru\u010dju op\u0161tine i pokrajine nas kontaktirajte. Na teritoriji Srbije, dostava se obavlja putem kurirskih slu\u017ebi ukoliko roba ispunjava uslove za slanje.<\/p>\t\t\t\t\t\t<\/div>\n\t\t\t\t<\/div>\n\t\t\t\t<div class=\"elementor-element elementor-element-2c04c65 elementor-widget__width-auto elementor-widget elementor-widget-heading\" data-id=\"2c04c65\" data-element_type=\"widget\" data-widget_type=\"heading.default\">\n\t\t\t\t<div class=\"elementor-widget-container\">\n\t\t\t<h6 class=\"elementor-heading-title elementor-size-default\">Pla\u0107anje<\/h6>\t\t<\/div>\n\t\t\t\t<\/div>\n\t\t\t\t<div class=\"elementor-element elementor-element-2d5e387 elementor-position-left elementor-view-default elementor-mobile-position-top elementor-vertical-align-top elementor-widget elementor-widget-icon-box\" data-id=\"2d5e387\" data-element_type=\"widget\" data-widget_type=\"icon-box.default\">\n\t\t\t\t<div class=\"elementor-widget-container\">\n\t\t\t\t\t<div class=\"elementor-icon-box-wrapper\">\n\t\t\t\t\t\t<div class=\"elementor-icon-box-icon\">\n\t\t\t\t<span class=\"elementor-icon elementor-animation-\" >\n\t\t\t\t<i aria-hidden=\"true\" class=\"fas fa-check\"><\/i>\t\t\t\t<\/span>\n\t\t\t<\/div>\n\t\t\t\t\t\t<div class=\"elementor-icon-box-content\">\n\t\t\t\t<h3 class=\"elementor-icon-box-title\">\n\t\t\t\t\t<span  >\n\t\t\t\t\t\tProdaja na odlo\u017eeno pla\u0107anje:\t\t\t\t\t<\/span>\n\t\t\t\t<\/h3>\n\t\t\t\t\t\t\t\t\t<p class=\"elementor-icon-box-description\">\n\t\t\t\t\t\t<ul>\n \t<li style=\"list-style-type: none;\">\n<ul>\n \t<li>Preko 5.000 din - 2 mese\u010dne rate<\/li>\n \t<li>Preko 15.000 din - 3 mese\u010dne rate<\/li>\n \t<li>Preko 35.000 din - 5 mese\u010dne rate<\/li>\n \t<li>Preko 45.000 din - 6 mese\u010dne rate<\/li>\n<\/ul>\n<\/li>\n<\/ul>\t\t\t\t\t<\/p>\n\t\t\t\t\t\t\t<\/div>\n\t\t<\/div>\n\t\t\t\t<\/div>\n\t\t\t\t<\/div>\n\t\t\t\t<div class=\"elementor-element elementor-element-2644fe4 elementor-position-left elementor-view-default elementor-mobile-position-top elementor-vertical-align-top elementor-widget elementor-widget-icon-box\" data-id=\"2644fe4\" data-element_type=\"widget\" data-widget_type=\"icon-box.default\">\n\t\t\t\t<div class=\"elementor-widget-container\">\n\t\t\t\t\t<div class=\"elementor-icon-box-wrapper\">\n\t\t\t\t\t\t<div class=\"elementor-icon-box-icon\">\n\t\t\t\t<span class=\"elementor-icon elementor-animation-\" >\n\t\t\t\t<i aria-hidden=\"true\" class=\"fas fa-check\"><\/i>\t\t\t\t<\/span>\n\t\t\t<\/div>\n\t\t\t\t\t\t<div class=\"elementor-icon-box-content\">\n\t\t\t\t<h3 class=\"elementor-icon-box-title\">\n\t\t\t\t\t<span  >\n\t\t\t\t\t\tMogu\u0107nost podizanja kredita preko Societe Generale banke na 12 mese\u010dnih rata, bez kamate.\t\t\t\t\t<\/span>\n\t\t\t\t<\/h3>\n\t\t\t\t\t\t\t<\/div>\n\t\t<\/div>\n\t\t\t\t<\/div>\n\t\t\t\t<\/div>\n\t\t\t\t<div class=\"elementor-element elementor-element-79deb72 elementor-position-left elementor-view-default elementor-mobile-position-top elementor-vertical-align-top elementor-widget elementor-widget-icon-box\" data-id=\"79deb72\" data-element_type=\"widget\" data-widget_type=\"icon-box.default\">\n\t\t\t\t<div class=\"elementor-widget-container\">\n\t\t\t\t\t<div class=\"elementor-icon-box-wrapper\">\n\t\t\t\t\t\t<div class=\"elementor-icon-box-icon\">\n\t\t\t\t<span class=\"elementor-icon elementor-animation-\" >\n\t\t\t\t<i aria-hidden=\"true\" class=\"fas fa-check\"><\/i>\t\t\t\t<\/span>\n\t\t\t<\/div>\n\t\t\t\t\t\t<div class=\"elementor-icon-box-content\">\n\t\t\t\t<h3 class=\"elementor-icon-box-title\">\n\t\t\t\t\t<span  >\n\t\t\t\t\t\tMogu\u0107nost pla\u0107anja robe \u010dekovima gra\u0111ana, bez kamate.\u00a0\t\t\t\t\t<\/span>\n\t\t\t\t<\/h3>\n\t\t\t\t\t\t\t<\/div>\n\t\t<\/div>\n\t\t\t\t<\/div>\n\t\t\t\t<\/div>\n\t\t\t\t<div class=\"elementor-element elementor-element-c6cbf80 elementor-position-left elementor-view-default elementor-mobile-position-top elementor-vertical-align-top elementor-widget elementor-widget-icon-box\" data-id=\"c6cbf80\" data-element_type=\"widget\" data-widget_type=\"icon-box.default\">\n\t\t\t\t<div class=\"elementor-widget-container\">\n\t\t\t\t\t<div class=\"elementor-icon-box-wrapper\">\n\t\t\t\t\t\t<div class=\"elementor-icon-box-icon\">\n\t\t\t\t<span class=\"elementor-icon elementor-animation-\" >\n\t\t\t\t<i aria-hidden=\"true\" class=\"fas fa-check\"><\/i>\t\t\t\t<\/span>\n\t\t\t<\/div>\n\t\t\t\t\t\t<div class=\"elementor-icon-box-content\">\n\t\t\t\t<h3 class=\"elementor-icon-box-title\">\n\t\t\t\t\t<span  >\n\t\t\t\t\t\tPla\u0107anje platnim i kreditnim karticama.\u00a0\t\t\t\t\t<\/span>\n\t\t\t\t<\/h3>\n\t\t\t\t\t\t\t<\/div>\n\t\t<\/div>\n\t\t\t\t<\/div>\n\t\t\t\t<\/div>\n\t\t\t\t<div class=\"elementor-element elementor-element-aabcf44 elementor-widget-divider--view-line elementor-widget elementor-widget-divider\" data-id=\"aabcf44\" data-element_type=\"widget\" data-widget_type=\"divider.default\">\n\t\t\t\t<div class=\"elementor-widget-container\">\n\t\t\t\t\t<div class=\"elementor-divider\">\n\t\t\t<span class=\"elementor-divider-separator\">\n\t\t\t\t\t\t<\/span>\n\t\t<\/div>\n\t\t\t\t<\/div>\n\t\t\t\t<\/div>\n\t\t\t\t<div class=\"elementor-element elementor-element-a0bae80 elementor-widget elementor-widget-text-editor\" data-id=\"a0bae80\" data-element_type=\"widget\" data-widget_type=\"text-editor.default\">\n\t\t\t\t<div class=\"elementor-widget-container\">\n\t\t\t\t\t\t\t<p>Preuzmite ugovor i administrativnu zabranu na slede\u0107im linkovima:<\/p>\t\t\t\t\t\t<\/div>\n\t\t\t\t<\/div>\n\t\t\t\t<section class=\"elementor-section elementor-inner-section elementor-element elementor-element-43e558c elementor-section-boxed elementor-section-height-default elementor-section-height-default\" data-id=\"43e558c\" data-element_type=\"section\">\n\t\t\t\t\t\t<div class=\"elementor-container elementor-column-gap-default\">\n\t\t\t\t\t<div class=\"elementor-column elementor-col-33 elementor-inner-column elementor-element elementor-element-3317343\" data-id=\"3317343\" data-element_type=\"column\">\n\t\t\t<div class=\"elementor-widget-wrap elementor-element-populated\">\n\t\t\t\t\t\t\t\t<div class=\"elementor-element elementor-element-d0f3c45 elementor-view-stacked elementor-vertical-align-bottom elementor-shape-circle elementor-mobile-position-top elementor-widget elementor-widget-icon-box\" data-id=\"d0f3c45\" data-element_type=\"widget\" data-widget_type=\"icon-box.default\">\n\t\t\t\t<div class=\"elementor-widget-container\">\n\t\t\t\t\t<div class=\"elementor-icon-box-wrapper\">\n\t\t\t\t\t\t<div class=\"elementor-icon-box-icon\">\n\t\t\t\t<a class=\"elementor-icon elementor-animation-\" href=\"https:\/\/izocentar.co.rs\/wp-content\/uploads\/2021\/08\/Administrativna-zabrana.pdf\">\n\t\t\t\t<i aria-hidden=\"true\" class=\"far fa-file-pdf\"><\/i>\t\t\t\t<\/a>\n\t\t\t<\/div>\n\t\t\t\t\t\t<div class=\"elementor-icon-box-content\">\n\t\t\t\t<h3 class=\"elementor-icon-box-title\">\n\t\t\t\t\t<a href=\"https:\/\/izocentar.co.rs\/wp-content\/uploads\/2021\/08\/Administrativna-zabrana.pdf\" >\n\t\t\t\t\t\t\t\t\t\t\t<\/a>\n\t\t\t\t<\/h3>\n\t\t\t\t\t\t\t\t\t<p class=\"elementor-icon-box-description\">\n\t\t\t\t\t\tadministrativna zabrana\t\t\t\t\t<\/p>\n\t\t\t\t\t\t\t<\/div>\n\t\t<\/div>\n\t\t\t\t<\/div>\n\t\t\t\t<\/div>\n\t\t\t\t\t<\/div>\n\t\t<\/div>\n\t\t\t\t<div class=\"elementor-column elementor-col-33 elementor-inner-column elementor-element elementor-element-6ab3abe\" data-id=\"6ab3abe\" data-element_type=\"column\">\n\t\t\t<div class=\"elementor-widget-wrap elementor-element-populated\">\n\t\t\t\t\t\t\t\t<div class=\"elementor-element elementor-element-04f5af6 elementor-view-stacked elementor-vertical-align-middle elementor-shape-circle elementor-mobile-position-top elementor-widget elementor-widget-icon-box\" data-id=\"04f5af6\" data-element_type=\"widget\" data-widget_type=\"icon-box.default\">\n\t\t\t\t<div class=\"elementor-widget-container\">\n\t\t\t\t\t<div class=\"elementor-icon-box-wrapper\">\n\t\t\t\t\t\t<div class=\"elementor-icon-box-icon\">\n\t\t\t\t<a class=\"elementor-icon elementor-animation-\" href=\"https:\/\/izocentar.co.rs\/wp-content\/uploads\/2021\/08\/UGOVOR-o-prodaji-robe-na-odlozeno-placanje.pdf\">\n\t\t\t\t<i aria-hidden=\"true\" class=\"far fa-file-pdf\"><\/i>\t\t\t\t<\/a>\n\t\t\t<\/div>\n\t\t\t\t\t\t<div class=\"elementor-icon-box-content\">\n\t\t\t\t<h3 class=\"elementor-icon-box-title\">\n\t\t\t\t\t<a href=\"https:\/\/izocentar.co.rs\/wp-content\/uploads\/2021\/08\/UGOVOR-o-prodaji-robe-na-odlozeno-placanje.pdf\" >\n\t\t\t\t\t\t\t\t\t\t\t<\/a>\n\t\t\t\t<\/h3>\n\t\t\t\t\t\t\t\t\t<p class=\"elementor-icon-box-description\">\n\t\t\t\t\t\tugovor o prodaji na odlo\u017eeno pla\u0107anje\t\t\t\t\t<\/p>\n\t\t\t\t\t\t\t<\/div>\n\t\t<\/div>\n\t\t\t\t<\/div>\n\t\t\t\t<\/div>\n\t\t\t\t\t<\/div>\n\t\t<\/div>\n\t\t\t\t<div class=\"elementor-column elementor-col-33 elementor-inner-column elementor-element elementor-element-ab29f9b\" data-id=\"ab29f9b\" data-element_type=\"column\">\n\t\t\t<div class=\"elementor-widget-wrap elementor-element-populated\">\n\t\t\t\t\t\t\t\t<div class=\"elementor-element elementor-element-f081f67 elementor-view-stacked elementor-vertical-align-middle elementor-shape-circle elementor-mobile-position-top elementor-widget elementor-widget-icon-box\" data-id=\"f081f67\" data-element_type=\"widget\" data-widget_type=\"icon-box.default\">\n\t\t\t\t<div class=\"elementor-widget-container\">\n\t\t\t\t\t<div class=\"elementor-icon-box-wrapper\">\n\t\t\t\t\t\t<div class=\"elementor-icon-box-icon\">\n\t\t\t\t<a class=\"elementor-icon elementor-animation-\" href=\"https:\/\/izocentar.co.rs\/wp-content\/uploads\/2021\/08\/zofu.pdf\">\n\t\t\t\t<i aria-hidden=\"true\" class=\"far fa-file-pdf\"><\/i>\t\t\t\t<\/a>\n\t\t\t<\/div>\n\t\t\t\t\t\t<div class=\"elementor-icon-box-content\">\n\t\t\t\t<h3 class=\"elementor-icon-box-title\">\n\t\t\t\t\t<a href=\"https:\/\/izocentar.co.rs\/wp-content\/uploads\/2021\/08\/zofu.pdf\" >\n\t\t\t\t\t\t\t\t\t\t\t<\/a>\n\t\t\t\t<\/h3>\n\t\t\t\t\t\t\t\t\t<p class=\"elementor-icon-box-description\">\n\t\t\t\t\t\tZakon o za\u0161titi korisnika\t\t\t\t\t<\/p>\n\t\t\t\t\t\t\t<\/div>\n\t\t<\/div>\n\t\t\t\t<\/div>\n\t\t\t\t<\/div>\n\t\t\t\t\t<\/div>\n\t\t<\/div>\n\t\t\t\t\t\t\t<\/div>\n\t\t<\/section>\n\t\t\t\t\t<\/div>\n\t\t<\/div>\n\t\t\t\t\t\t\t<\/div>\n\t\t<\/section>\n\t\t\t\t\t\t\t<\/div>","protected":false},"excerpt":{"rendered":"<p>Uslovi pla\u0107anja Isporuka i pla\u0107anje Isporuka Dostava robe (bez istovara) je besplatna na teritoriji grada Be\u010deja. Za vi\u0161e informacija o transportu robe na podru\u010dju op\u0161tine i pokrajine nas kontaktirajte. Na teritoriji Srbije, dostava se obavlja putem kurirskih slu\u017ebi ukoliko roba ispunjava uslove za slanje. Pla\u0107anje Prodaja na odlo\u017eeno pla\u0107anje: Preko 5.000 din &#8211; 2 mese\u010dne &hellip;<\/p>\n<p class=\"read-more\"> <a class=\"\" href=\"https:\/\/izocentar.co.rs\/hu\/isporuka-i-placanje\/\"> <span class=\"screen-reader-text\">Isporuka i pla\u0107anje<\/span> Read More &raquo;<\/a><\/p>","protected":false},"author":1,"featured_media":0,"parent":0,"menu_order":0,"comment_status":"closed","ping_status":"closed","template":"","meta":[],"yoast_head":"<!-- This site is optimized with the Yoast SEO plugin v19.10 - https:\/\/yoast.com\/wordpress\/plugins\/seo\/ -->\n<title>Isporuka i pla\u0107anje - Izo centar<\/title>\n<meta name=\"robots\" content=\"index, follow, max-snippet:-1, max-image-preview:large, max-video-preview:-1\" \/>\n<link rel=\"canonical\" href=\"https:\/\/izocentar.co.rs\/hu\/isporuka-i-placanje\/\" \/>\n<meta property=\"og:locale\" content=\"hu_HU\" \/>\n<meta property=\"og:type\" content=\"article\" \/>\n<meta property=\"og:title\" content=\"Isporuka i pla\u0107anje - Izo centar\" \/>\n<meta property=\"og:description\" content=\"Uslovi pla\u0107anja Isporuka i pla\u0107anje Isporuka Dostava robe (bez istovara) je besplatna na teritoriji grada Be\u010deja. Za vi\u0161e informacija o transportu robe na podru\u010dju op\u0161tine i pokrajine nas kontaktirajte. Na teritoriji Srbije, dostava se obavlja putem kurirskih slu\u017ebi ukoliko roba ispunjava uslove za slanje. Pla\u0107anje Prodaja na odlo\u017eeno pla\u0107anje: Preko 5.000 din &#8211; 2 mese\u010dne &hellip; Isporuka i pla\u0107anje Read More &raquo;\" \/>\n<meta property=\"og:url\" content=\"https:\/\/izocentar.co.rs\/hu\/isporuka-i-placanje\/\" \/>\n<meta property=\"og:site_name\" content=\"Izo centar\" \/>\n<meta property=\"article:modified_time\" content=\"2021-08-10T21:41:05+00:00\" \/>\n<meta property=\"og:image\" content=\"https:\/\/izocentar.co.rs\/wp-content\/uploads\/2022\/11\/logo.png\" \/>\n\t<meta property=\"og:image:width\" content=\"1188\" \/>\n\t<meta property=\"og:image:height\" content=\"743\" \/>\n\t<meta property=\"og:image:type\" content=\"image\/png\" \/>\n<meta name=\"twitter:card\" content=\"summary_large_image\" \/>\n<meta name=\"twitter:label1\" content=\"Becs\u00fclt olvas\u00e1si id\u0151\" \/>\n\t<meta name=\"twitter:data1\" content=\"1 perc\" \/>\n<script type=\"application\/ld+json\" class=\"yoast-schema-graph\">{\"@context\":\"https:\/\/schema.org\",\"@graph\":[{\"@type\":\"WebPage\",\"@id\":\"https:\/\/izocentar.co.rs\/isporuka-i-placanje\/\",\"url\":\"https:\/\/izocentar.co.rs\/isporuka-i-placanje\/\",\"name\":\"Isporuka i pla\u0107anje - Izo centar\",\"isPartOf\":{\"@id\":\"https:\/\/izocentar.co.rs\/#website\"},\"datePublished\":\"2021-04-29T12:54:04+00:00\",\"dateModified\":\"2021-08-10T21:41:05+00:00\",\"breadcrumb\":{\"@id\":\"https:\/\/izocentar.co.rs\/isporuka-i-placanje\/#breadcrumb\"},\"inLanguage\":\"hu\",\"potentialAction\":[{\"@type\":\"ReadAction\",\"target\":[\"https:\/\/izocentar.co.rs\/isporuka-i-placanje\/\"]}]},{\"@type\":\"BreadcrumbList\",\"@id\":\"https:\/\/izocentar.co.rs\/isporuka-i-placanje\/#breadcrumb\",\"itemListElement\":[{\"@type\":\"ListItem\",\"position\":1,\"name\":\"Home\",\"item\":\"https:\/\/izocentar.co.rs\/\"},{\"@type\":\"ListItem\",\"position\":2,\"name\":\"Isporuka i pla\u0107anje\"}]},{\"@type\":\"WebSite\",\"@id\":\"https:\/\/izocentar.co.rs\/#website\",\"url\":\"https:\/\/izocentar.co.rs\/\",\"name\":\"Izo centar\",\"description\":\"Salon keramike\",\"publisher\":{\"@id\":\"https:\/\/izocentar.co.rs\/#organization\"},\"alternateName\":\"Salon keramike Be\u010dej\",\"potentialAction\":[{\"@type\":\"SearchAction\",\"target\":{\"@type\":\"EntryPoint\",\"urlTemplate\":\"https:\/\/izocentar.co.rs\/?s={search_term_string}\"},\"query-input\":\"required name=search_term_string\"}],\"inLanguage\":\"hu\"},{\"@type\":\"Organization\",\"@id\":\"https:\/\/izocentar.co.rs\/#organization\",\"name\":\"Izo centar\",\"alternateName\":\"Salon keramike Be\u010dej\",\"url\":\"https:\/\/izocentar.co.rs\/\",\"logo\":{\"@type\":\"ImageObject\",\"inLanguage\":\"hu\",\"@id\":\"https:\/\/izocentar.co.rs\/#\/schema\/logo\/image\/\",\"url\":\"https:\/\/izocentar.co.rs\/wp-content\/uploads\/2022\/11\/logo.png\",\"contentUrl\":\"https:\/\/izocentar.co.rs\/wp-content\/uploads\/2022\/11\/logo.png\",\"width\":1188,\"height\":743,\"caption\":\"Izo centar\"},\"image\":{\"@id\":\"https:\/\/izocentar.co.rs\/#\/schema\/logo\/image\/\"}}]}<\/script>\n<!-- \/ Yoast SEO plugin. -->","yoast_head_json":{"title":"Isporuka i pla\u0107anje - Izo centar","robots":{"index":"index","follow":"follow","max-snippet":"max-snippet:-1","max-image-preview":"max-image-preview:large","max-video-preview":"max-video-preview:-1"},"canonical":"https:\/\/izocentar.co.rs\/hu\/isporuka-i-placanje\/","og_locale":"hu_HU","og_type":"article","og_title":"Isporuka i pla\u0107anje - Izo centar","og_description":"Uslovi pla\u0107anja Isporuka i pla\u0107anje Isporuka Dostava robe (bez istovara) je besplatna na teritoriji grada Be\u010deja. Za vi\u0161e informacija o transportu robe na podru\u010dju op\u0161tine i pokrajine nas kontaktirajte. Na teritoriji Srbije, dostava se obavlja putem kurirskih slu\u017ebi ukoliko roba ispunjava uslove za slanje. Pla\u0107anje Prodaja na odlo\u017eeno pla\u0107anje: Preko 5.000 din &#8211; 2 mese\u010dne &hellip; Isporuka i pla\u0107anje Read More &raquo;","og_url":"https:\/\/izocentar.co.rs\/hu\/isporuka-i-placanje\/","og_site_name":"Izo centar","article_modified_time":"2021-08-10T21:41:05+00:00","og_image":[{"width":1188,"height":743,"url":"https:\/\/izocentar.co.rs\/wp-content\/uploads\/2022\/11\/logo.png","type":"image\/png"}],"twitter_card":"summary_large_image","twitter_misc":{"Becs\u00fclt olvas\u00e1si id\u0151":"1 perc"},"schema":{"@context":"https:\/\/schema.org","@graph":[{"@type":"WebPage","@id":"https:\/\/izocentar.co.rs\/isporuka-i-placanje\/","url":"https:\/\/izocentar.co.rs\/isporuka-i-placanje\/","name":"Isporuka i pla\u0107anje - Izo centar","isPartOf":{"@id":"https:\/\/izocentar.co.rs\/#website"},"datePublished":"2021-04-29T12:54:04+00:00","dateModified":"2021-08-10T21:41:05+00:00","breadcrumb":{"@id":"https:\/\/izocentar.co.rs\/isporuka-i-placanje\/#breadcrumb"},"inLanguage":"hu","potentialAction":[{"@type":"ReadAction","target":["https:\/\/izocentar.co.rs\/isporuka-i-placanje\/"]}]},{"@type":"BreadcrumbList","@id":"https:\/\/izocentar.co.rs\/isporuka-i-placanje\/#breadcrumb","itemListElement":[{"@type":"ListItem","position":1,"name":"Home","item":"https:\/\/izocentar.co.rs\/"},{"@type":"ListItem","position":2,"name":"Isporuka i pla\u0107anje"}]},{"@type":"WebSite","@id":"https:\/\/izocentar.co.rs\/#website","url":"https:\/\/izocentar.co.rs\/","name":"Izo centar","description":"Salon keramike","publisher":{"@id":"https:\/\/izocentar.co.rs\/#organization"},"alternateName":"Salon keramike Be\u010dej","potentialAction":[{"@type":"SearchAction","target":{"@type":"EntryPoint","urlTemplate":"https:\/\/izocentar.co.rs\/?s={search_term_string}"},"query-input":"required name=search_term_string"}],"inLanguage":"hu"},{"@type":"Organization","@id":"https:\/\/izocentar.co.rs\/#organization","name":"Izo centar","alternateName":"Salon keramike Be\u010dej","url":"https:\/\/izocentar.co.rs\/","logo":{"@type":"ImageObject","inLanguage":"hu","@id":"https:\/\/izocentar.co.rs\/#\/schema\/logo\/image\/","url":"https:\/\/izocentar.co.rs\/wp-content\/uploads\/2022\/11\/logo.png","contentUrl":"https:\/\/izocentar.co.rs\/wp-content\/uploads\/2022\/11\/logo.png","width":1188,"height":743,"caption":"Izo centar"},"image":{"@id":"https:\/\/izocentar.co.rs\/#\/schema\/logo\/image\/"}}]}},"_links":{"self":[{"href":"https:\/\/izocentar.co.rs\/hu\/wp-json\/wp\/v2\/pages\/1263"}],"collection":[{"href":"https:\/\/izocentar.co.rs\/hu\/wp-json\/wp\/v2\/pages"}],"about":[{"href":"https:\/\/izocentar.co.rs\/hu\/wp-json\/wp\/v2\/types\/page"}],"author":[{"embeddable":true,"href":"https:\/\/izocentar.co.rs\/hu\/wp-json\/wp\/v2\/users\/1"}],"replies":[{"embeddable":true,"href":"https:\/\/izocentar.co.rs\/hu\/wp-json\/wp\/v2\/comments?post=1263"}],"version-history":[{"count":17,"href":"https:\/\/izocentar.co.rs\/hu\/wp-json\/wp\/v2\/pages\/1263\/revisions"}],"predecessor-version":[{"id":3483,"href":"https:\/\/izocentar.co.rs\/hu\/wp-json\/wp\/v2\/pages\/1263\/revisions\/3483"}],"wp:attachment":[{"href":"https:\/\/izocentar.co.rs\/hu\/wp-json\/wp\/v2\/media?parent=1263"}],"curies":[{"name":"wp","href":"https:\/\/api.w.org\/{rel}","templated":true}]}}